{"id":5702,"date":"2024-12-03T14:40:18","date_gmt":"2024-12-03T13:40:18","guid":{"rendered":"https:\/\/tech-n-bio.marquedigitale.dev\/?page_id=5702"},"modified":"2024-12-03T15:17:40","modified_gmt":"2024-12-03T14:17:40","slug":"agenda","status":"publish","type":"page","link":"https:\/\/tech-n-bio.com\/en\/agenda\/","title":{"rendered":"Agenda"},"content":{"rendered":"<div data-elementor-type=\"wp-page\" data-elementor-id=\"5702\" class=\"elementor elementor-5702\" data-elementor-post-type=\"page\">\n\t\t\t\t<div data-dce-background-color=\"#FAFAFA\" class=\"elementor-element elementor-element-973e2e1 e-con-full marge e-flex e-con e-parent\" data-id=\"973e2e1\" data-element_type=\"container\" data-e-type=\"container\" data-settings=\"{&quot;background_background&quot;:&quot;classic&quot;}\">\n\t\t<div class=\"elementor-element elementor-element-2a4405b e-con-full marge e-flex elementor-invisible e-con e-child\" data-id=\"2a4405b\" data-element_type=\"container\" data-e-type=\"container\" data-settings=\"{&quot;background_background&quot;:&quot;classic&quot;,&quot;position&quot;:&quot;absolute&quot;,&quot;animation&quot;:&quot;slideInLeft&quot;}\">\n\t\t\t\t<div class=\"elementor-element elementor-element-2d1dfcd elementor-widget-tablet__width-initial elementor-widget elementor-widget-heading\" data-id=\"2d1dfcd\" data-element_type=\"widget\" data-e-type=\"widget\" data-widget_type=\"heading.default\">\n\t\t\t\t<div class=\"elementor-widget-container\">\n\t\t\t\t\t<h1 class=\"elementor-heading-title elementor-size-default\"><span class=\"marktext\">L'agenda<\/span> Tech&amp;Bio<\/h1>\t\t\t\t<\/div>\n\t\t\t\t<\/div>\n\t\t\t\t<div class=\"elementor-element elementor-element-2bd6d05 boutontechnbio elementor-widget elementor-widget-button\" data-id=\"2bd6d05\" data-element_type=\"widget\" data-e-type=\"widget\" data-widget_type=\"button.default\">\n\t\t\t\t<div class=\"elementor-widget-container\">\n\t\t\t\t\t\t\t\t\t<div class=\"elementor-button-wrapper\">\n\t\t\t\t\t<a class=\"elementor-button elementor-button-link elementor-size-sm\" href=\"#scroll\">\n\t\t\t\t\t\t<span class=\"elementor-button-content-wrapper\">\n\t\t\t\t\t\t<span class=\"elementor-button-icon\">\n\t\t\t\t<svg xmlns=\"http:\/\/www.w3.org\/2000\/svg\" width=\"44\" height=\"44\" viewbox=\"0 0 44 44\"><g id=\"Groupe_164\" data-name=\"Groupe 164\" transform=\"translate(-1835 -9432)\"><g id=\"Groupe_162\" data-name=\"Groupe 162\" transform=\"translate(1835 9432)\"><g id=\"Groupe_160\" data-name=\"Groupe 160\"><rect id=\"Rectangle_52\" data-name=\"Rectangle 52\" width=\"44\" height=\"44\" fill=\"#f08701\"><\/rect><path id=\"Icon_material-arrow-outward\" data-name=\"Icon material-arrow-outward\" d=\"M9.578,36.017V31.86H27.43L7.5,11.93,10.43,9,30.36,28.93V11.078h4.156V36.017Z\" transform=\"translate(0.947 -0.554)\" fill=\"#fff\"><\/path><\/g><\/g><\/g><\/svg>\t\t\t<\/span>\n\t\t\t\t\t\t\t\t\t<span class=\"elementor-button-text\">Discover<\/span>\n\t\t\t\t\t<\/span>\n\t\t\t\t\t<\/a>\n\t\t\t\t<\/div>\n\t\t\t\t\t\t\t\t<\/div>\n\t\t\t\t<\/div>\n\t\t\t\t<\/div>\n\t\t\t\t<div class=\"elementor-element elementor-element-800dd70 elementor-widget elementor-widget-image\" data-id=\"800dd70\" data-element_type=\"widget\" data-e-type=\"widget\" data-widget_type=\"image.default\">\n\t\t\t\t<div class=\"elementor-widget-container\">\n\t\t\t\t\t\t\t\t\t\t\t\t\t\t\t<img fetchpriority=\"high\" decoding=\"async\" width=\"1500\" height=\"1000\" src=\"https:\/\/tech-n-bio.com\/wp-content\/uploads\/2024\/10\/techbio-salon-international-de-lagriculture-4-1.jpg\" class=\"attachment-2048x2048 size-2048x2048 wp-image-2649\" alt=\"\" srcset=\"https:\/\/tech-n-bio.com\/wp-content\/uploads\/2024\/10\/techbio-salon-international-de-lagriculture-4-1.jpg 1500w, https:\/\/tech-n-bio.com\/wp-content\/uploads\/2024\/10\/techbio-salon-international-de-lagriculture-4-1-300x200.jpg 300w, https:\/\/tech-n-bio.com\/wp-content\/uploads\/2024\/10\/techbio-salon-international-de-lagriculture-4-1-1024x683.jpg 1024w, https:\/\/tech-n-bio.com\/wp-content\/uploads\/2024\/10\/techbio-salon-international-de-lagriculture-4-1-768x512.jpg 768w\" sizes=\"(max-width: 1500px) 100vw, 1500px\" \/>\t\t\t\t\t\t\t\t\t\t\t\t\t\t\t<\/div>\n\t\t\t\t<\/div>\n\t\t\t\t<\/div>\n\t\t<div class=\"elementor-element elementor-element-624f872 e-con-full marge e-flex e-con e-parent\" data-id=\"624f872\" data-element_type=\"container\" data-e-type=\"container\" id=\"scroll\">\n\t\t\t\t<div class=\"elementor-element elementor-element-ebeb738 dce-posts-layout-template dce-col-1 dce-col-tablet-3 dce-col-mobile-1 elementor-widget elementor-widget-dce-dynamicposts-v2\" data-id=\"ebeb738\" data-element_type=\"widget\" data-e-type=\"widget\" data-settings=\"{&quot;style_items&quot;:&quot;template&quot;,&quot;grid_match_height&quot;:&quot;yes&quot;,&quot;grid_match_height_by_row&quot;:&quot;true&quot;,&quot;grid_grid_type&quot;:&quot;flex&quot;}\" data-widget_type=\"dce-dynamicposts-v2.grid\">\n\t\t\t\t<div class=\"elementor-widget-container\">\n\t\t\t\t\t\n\t\t<div class=\"dce-fix-background-loop dce-posts-container dce-posts dce-dynamic-posts-collection  dce-skin-grid dce-skin-grid-flex\">\n\t\t\t\t\t\t<div class=\"dce-posts-wrapper dce-wrapper-grid\">\n\t\t\t\n\t\t<article class=\"post-7317 rendez-vous type-rendez-vous status-publish has-post-thumbnail hentry annee-105 dce-post dce-post-item dce-item-grid\" data-dce-post-id=\"7317\" data-dce-post-index=\"0\">\n\t\t\t<div class=\"dce-post-block\">\n\t\t<style>.elementor-5711 .elementor-element.elementor-element-3aeb08a{--display:flex;--flex-direction:column;--container-widget-width:100%;--container-widget-height:initial;--container-widget-flex-grow:0;--container-widget-align-self:initial;--flex-wrap-mobile:wrap;--justify-content:center;--padding-top:40px;--padding-bottom:40px;--padding-left:40px;--padding-right:40px;}.elementor-5711 .elementor-element.elementor-element-3aeb08a:not(.elementor-motion-effects-element-type-background), .elementor-5711 .elementor-element.elementor-element-3aeb08a > .elementor-motion-effects-container > .elementor-motion-effects-layer{background-color:var( --e-global-color-primary );}.elementor-5711 .elementor-element.elementor-element-3aeb08a:hover{box-shadow:0px 0px 10px 0px rgba(0,0,0,0.5);}.elementor-5711 .elementor-element.elementor-element-3aeb08a.e-con:hover{--e-con-transform-scale:0.99;}.elementor-widget-button .elementor-button{font-family:var( --e-global-typography-accent-font-family ), Sans-serif;font-size:var( --e-global-typography-accent-font-size );font-weight:var( --e-global-typography-accent-font-weight );line-height:var( --e-global-typography-accent-line-height );background-color:var( --e-global-color-accent );}.elementor-5711 .elementor-element.elementor-element-247a79c .elementor-button{fill:var( --e-global-color-primary );color:var( --e-global-color-primary );background-color:var( --e-global-color-0907d6f );border-radius:60px 60px 60px 60px;}.elementor-widget-heading .elementor-heading-title{font-family:var( --e-global-typography-primary-font-family ), Sans-serif;font-size:var( --e-global-typography-primary-font-size );font-weight:var( --e-global-typography-primary-font-weight );line-height:var( --e-global-typography-primary-line-height );color:var( --e-global-color-primary );}.elementor-5711 .elementor-element.elementor-element-6e0f36e .elementor-heading-title{font-family:\"Helvetica\", Sans-serif;font-size:25px;font-weight:600;line-height:30px;color:#9CC43B;}.elementor-5711 .elementor-element.elementor-element-7e3db26 .elementor-heading-title{font-family:var( --e-global-typography-text-font-family ), Sans-serif;font-size:var( --e-global-typography-text-font-size );font-weight:var( --e-global-typography-text-font-weight );line-height:var( --e-global-typography-text-line-height );color:var( --e-global-color-0907d6f );}.elementor-5711 .elementor-element.elementor-element-7e3db26 > .elementor-widget-container{margin:-5px 0px 0px 0px;}.elementor-widget-theme-post-excerpt .elementor-widget-container{font-family:var( --e-global-typography-text-font-family ), Sans-serif;font-size:var( --e-global-typography-text-font-size );font-weight:var( --e-global-typography-text-font-weight );line-height:var( --e-global-typography-text-line-height );color:var( --e-global-color-text );}.elementor-5711 .elementor-element.elementor-element-1a2f9bf .elementor-widget-container{font-family:\"Montserrat\", Sans-serif;font-size:1em;font-weight:500;line-height:30px;color:var( --e-global-color-0907d6f );}.elementor-5711 .elementor-element.elementor-element-c81549b .elementor-button-content-wrapper{flex-direction:row-reverse;}.elementor-5711 .elementor-element.elementor-element-c81549b .elementor-button .elementor-button-content-wrapper{gap:20px;}.elementor-5711 .elementor-element.elementor-element-c81549b .elementor-button{font-family:var( --e-global-typography-accent-font-family ), Sans-serif;font-size:var( --e-global-typography-accent-font-size );font-weight:var( --e-global-typography-accent-font-weight );line-height:var( --e-global-typography-accent-line-height );fill:var( --e-global-color-0907d6f );color:var( --e-global-color-0907d6f );background-color:var( --e-global-color-15e344c );padding:0px 0px 0px 0px;}.elementor-5711 .elementor-element.elementor-element-c81549b .elementor-button:hover, .elementor-5711 .elementor-element.elementor-element-c81549b .elementor-button:focus{color:var( --e-global-color-accent );}.elementor-5711 .elementor-element.elementor-element-c81549b .elementor-button:hover svg, .elementor-5711 .elementor-element.elementor-element-c81549b .elementor-button:focus svg{fill:var( --e-global-color-accent );}@media(max-width:1600px){.elementor-widget-button .elementor-button{font-size:var( --e-global-typography-accent-font-size );line-height:var( --e-global-typography-accent-line-height );}.elementor-widget-heading .elementor-heading-title{font-size:var( --e-global-typography-primary-font-size );line-height:var( --e-global-typography-primary-line-height );}.elementor-5711 .elementor-element.elementor-element-7e3db26 .elementor-heading-title{font-size:var( --e-global-typography-text-font-size );line-height:var( --e-global-typography-text-line-height );}.elementor-widget-theme-post-excerpt .elementor-widget-container{font-size:var( --e-global-typography-text-font-size );line-height:var( --e-global-typography-text-line-height );}.elementor-5711 .elementor-element.elementor-element-c81549b .elementor-button{font-size:var( --e-global-typography-accent-font-size );line-height:var( --e-global-typography-accent-line-height );}}@media(max-width:1024px){.elementor-widget-button .elementor-button{font-size:var( --e-global-typography-accent-font-size );line-height:var( --e-global-typography-accent-line-height );}.elementor-widget-heading .elementor-heading-title{font-size:var( --e-global-typography-primary-font-size );line-height:var( --e-global-typography-primary-line-height );}.elementor-5711 .elementor-element.elementor-element-7e3db26 .elementor-heading-title{font-size:var( --e-global-typography-text-font-size );line-height:var( --e-global-typography-text-line-height );}.elementor-widget-theme-post-excerpt .elementor-widget-container{font-size:var( --e-global-typography-text-font-size );line-height:var( --e-global-typography-text-line-height );}.elementor-5711 .elementor-element.elementor-element-c81549b .elementor-button{font-size:var( --e-global-typography-accent-font-size );line-height:var( --e-global-typography-accent-line-height );}}@media(max-width:767px){.elementor-widget-button .elementor-button{font-size:var( --e-global-typography-accent-font-size );line-height:var( --e-global-typography-accent-line-height );}.elementor-widget-heading .elementor-heading-title{font-size:var( --e-global-typography-primary-font-size );line-height:var( --e-global-typography-primary-line-height );}.elementor-5711 .elementor-element.elementor-element-7e3db26 .elementor-heading-title{font-size:var( --e-global-typography-text-font-size );line-height:var( --e-global-typography-text-line-height );}.elementor-widget-theme-post-excerpt .elementor-widget-container{font-size:var( --e-global-typography-text-font-size );line-height:var( --e-global-typography-text-line-height );}.elementor-5711 .elementor-element.elementor-element-c81549b .elementor-button{font-size:var( --e-global-typography-accent-font-size );line-height:var( --e-global-typography-accent-line-height );}}\/* Start custom CSS for heading, class: .elementor-element-6e0f36e *\/.elementor-5711 .elementor-element.elementor-element-6e0f36e a {\n    transition: color 0.3s ease;\n}\n\n.elementor-5711 .elementor-element.elementor-element-6e0f36e a:hover {\n    color: var(--e-global-color-accent);\n}\/* End custom CSS *\/<\/style>\t\t<div data-elementor-type=\"container\" data-elementor-id=\"5711\" class=\"elementor elementor-5711 dce-elementor-rendering-id-1\" data-elementor-post-type=\"elementor_library\">\n\t\t\t\t<div class=\"elementor-element elementor-element-3aeb08a e-con-full e-transform e-flex e-con e-parent\" data-id=\"3aeb08a\" data-element_type=\"container\" data-e-type=\"container\" data-settings=\"{&quot;background_background&quot;:&quot;classic&quot;,&quot;_transform_scale_effect_hover&quot;:{&quot;unit&quot;:&quot;px&quot;,&quot;size&quot;:0.99,&quot;sizes&quot;:[]},&quot;_transform_scale_effect_hover_laptop&quot;:{&quot;unit&quot;:&quot;px&quot;,&quot;size&quot;:&quot;&quot;,&quot;sizes&quot;:[]},&quot;_transform_scale_effect_hover_tablet&quot;:{&quot;unit&quot;:&quot;px&quot;,&quot;size&quot;:&quot;&quot;,&quot;sizes&quot;:[]},&quot;_transform_scale_effect_hover_mobile&quot;:{&quot;unit&quot;:&quot;px&quot;,&quot;size&quot;:&quot;&quot;,&quot;sizes&quot;:[]}}\">\n\t\t\t\t<div class=\"elementor-element elementor-element-247a79c elementor-widget elementor-widget-button\" data-id=\"247a79c\" data-element_type=\"widget\" data-e-type=\"widget\" data-widget_type=\"button.default\">\n\t\t\t\t<div class=\"elementor-widget-container\">\n\t\t\t\t\t\t\t\t\t<div class=\"elementor-button-wrapper\">\n\t\t\t\t\t<a class=\"elementor-button elementor-size-sm\" role=\"button\">\n\t\t\t\t\t\t<span class=\"elementor-button-content-wrapper\">\n\t\t\t\t\t\t\t\t\t<span class=\"elementor-button-text\">13, 14 et 15 octobre 2026<\/span>\n\t\t\t\t\t<\/span>\n\t\t\t\t\t<\/a>\n\t\t\t\t<\/div>\n\t\t\t\t\t\t\t\t<\/div>\n\t\t\t\t<\/div>\n\t\t\t\t<div data-dce-title-color=\"#9CC43B\" class=\"elementor-element elementor-element-6e0f36e elementor-widget elementor-widget-heading\" data-id=\"6e0f36e\" data-element_type=\"widget\" data-e-type=\"widget\" data-widget_type=\"heading.default\">\n\t\t\t\t<div class=\"elementor-widget-container\">\n\t\t\t\t\t<span class=\"elementor-heading-title elementor-size-default\"><a href=\"https:\/\/tech-n-bio.com\/en\/les-rendez-vous\/cultures-mediterraneennes-2026\/\">Cultures m\u00e9diterran\u00e9ennes 2026<\/a><\/span>\t\t\t\t<\/div>\n\t\t\t\t<\/div>\n\t\t\t\t<div class=\"elementor-element elementor-element-7e3db26 elementor-widget elementor-widget-heading\" data-id=\"7e3db26\" data-element_type=\"widget\" data-e-type=\"widget\" data-widget_type=\"heading.default\">\n\t\t\t\t<div class=\"elementor-widget-container\">\n\t\t\t\t\t<p class=\"elementor-heading-title elementor-size-default\">Avignon (84)<\/p>\t\t\t\t<\/div>\n\t\t\t\t<\/div>\n\t\t\t\t<div class=\"elementor-element elementor-element-1a2f9bf elementor-widget elementor-widget-theme-post-excerpt\" data-id=\"1a2f9bf\" data-element_type=\"widget\" data-e-type=\"widget\" data-widget_type=\"theme-post-excerpt.default\">\n\t\t\t\t<div class=\"elementor-widget-container\">\n\t\t\t\t\t<p>Rendez-vous Tech&amp;Bio D\u00e9couvrir Pourquoi venir au rendez-vous Tech&amp;Bio Cultures m\u00e9diterran\u00e9ennes ? Les 13, 14 et 15 octobre 2026 \u00e0 Avignon (84) La 5\u00e8me \u00e9dition du Rendez-vous Tech &amp; Bio Cultures m\u00e9diterran\u00e9ennes se...\t\t\t\t<\/div>\n\t\t\t\t<\/div>\n\t\t\t\t<div class=\"elementor-element elementor-element-c81549b boutontechnbio elementor-widget elementor-widget-button\" data-id=\"c81549b\" data-element_type=\"widget\" data-e-type=\"widget\" data-widget_type=\"button.default\">\n\t\t\t\t<div class=\"elementor-widget-container\">\n\t\t\t\t\t\t\t\t\t<div class=\"elementor-button-wrapper\">\n\t\t\t\t\t<a class=\"elementor-button elementor-button-link elementor-size-sm\" href=\"https:\/\/tech-n-bio.com\/en\/les-rendez-vous\/cultures-mediterraneennes-2026\/\">\n\t\t\t\t\t\t<span class=\"elementor-button-content-wrapper\">\n\t\t\t\t\t\t<span class=\"elementor-button-icon\">\n\t\t\t\t<svg xmlns=\"http:\/\/www.w3.org\/2000\/svg\" width=\"44\" height=\"44\" viewbox=\"0 0 44 44\"><g id=\"Groupe_164\" data-name=\"Groupe 164\" transform=\"translate(-1835 -9432)\"><g id=\"Groupe_162\" data-name=\"Groupe 162\" transform=\"translate(1835 9432)\"><g id=\"Groupe_160\" data-name=\"Groupe 160\"><rect id=\"Rectangle_52\" data-name=\"Rectangle 52\" width=\"44\" height=\"44\" fill=\"#f08701\"><\/rect><path id=\"Icon_material-arrow-outward\" data-name=\"Icon material-arrow-outward\" d=\"M9.578,36.017V31.86H27.43L7.5,11.93,10.43,9,30.36,28.93V11.078h4.156V36.017Z\" transform=\"translate(0.947 -0.554)\" fill=\"#fff\"><\/path><\/g><\/g><\/g><\/svg>\t\t\t<\/span>\n\t\t\t\t\t\t\t\t\t<span class=\"elementor-button-text\">Lire<\/span>\n\t\t\t\t\t<\/span>\n\t\t\t\t\t<\/a>\n\t\t\t\t<\/div>\n\t\t\t\t\t\t\t\t<\/div>\n\t\t\t\t<\/div>\n\t\t\t\t<\/div>\n\t\t\t\t<\/div>\n\t\t\t\t\t<\/div>\n\t\t<\/article>\n\t\t\t\t\t<\/div>\n\t\t\t\t\t<\/div>\n\t\t\t\t\t\t<\/div>\n\t\t\t\t<\/div>\n\t\t\t\t<\/div>\n\t\t\t\t<\/div>","protected":false},"excerpt":{"rendered":"<p>L&rsquo;agenda Tech&amp;Bio D\u00e9couvrir Lire<\/p>","protected":false},"author":5,"featured_media":0,"parent":0,"menu_order":0,"comment_status":"closed","ping_status":"closed","template":"","meta":{"_acf_changed":false,"footnotes":""},"class_list":["post-5702","page","type-page","status-publish","hentry"],"acf":[],"yoast_head":"<!-- This site is optimized with the Yoast SEO plugin v27.4 - https:\/\/yoast.com\/product\/yoast-seo-wordpress\/ -->\n<title>Agenda - Tech N Bio<\/title>\n<meta name=\"description\" content=\"Agenda - Tech&amp;Bio, le salon agricole international des techniques bio et alternatives - Prochaine \u00e9dition en 2025 en Dr\u00f4me\" \/>\n<meta name=\"robots\" content=\"index, follow, max-snippet:-1, max-image-preview:large, max-video-preview:-1\" \/>\n<link rel=\"canonical\" href=\"https:\/\/tech-n-bio.com\/en\/agenda\/\" \/>\n<meta property=\"og:locale\" content=\"en_US\" \/>\n<meta property=\"og:type\" content=\"article\" \/>\n<meta property=\"og:title\" content=\"Agenda - Tech N Bio\" \/>\n<meta property=\"og:description\" content=\"Agenda - Tech&amp;Bio, le salon agricole international des techniques bio et alternatives - Prochaine \u00e9dition en 2025 en Dr\u00f4me\" \/>\n<meta property=\"og:url\" content=\"https:\/\/tech-n-bio.com\/en\/agenda\/\" \/>\n<meta property=\"og:site_name\" content=\"Tech N Bio\" \/>\n<meta property=\"article:modified_time\" content=\"2024-12-03T14:17:40+00:00\" \/>\n<meta property=\"og:image\" content=\"https:\/\/tech-n-bio.com\/wp-content\/uploads\/2024\/10\/techbio-salon-international-de-lagriculture-4-1.jpg\" \/>\n\t<meta property=\"og:image:width\" content=\"1500\" \/>\n\t<meta property=\"og:image:height\" content=\"1000\" \/>\n\t<meta property=\"og:image:type\" content=\"image\/jpeg\" \/>\n<meta name=\"twitter:card\" content=\"summary_large_image\" \/>\n<meta name=\"twitter:label1\" content=\"Est. reading time\" \/>\n\t<meta name=\"twitter:data1\" content=\"1 minute\" \/>\n<script type=\"application\/ld+json\" class=\"yoast-schema-graph\">{\"@context\":\"https:\\\/\\\/schema.org\",\"@graph\":[{\"@type\":\"WebPage\",\"@id\":\"https:\\\/\\\/tech-n-bio.com\\\/agenda\\\/\",\"url\":\"https:\\\/\\\/tech-n-bio.com\\\/agenda\\\/\",\"name\":\"Agenda - Tech N Bio\",\"isPartOf\":{\"@id\":\"https:\\\/\\\/tech-n-bio.com\\\/#website\"},\"primaryImageOfPage\":{\"@id\":\"https:\\\/\\\/tech-n-bio.com\\\/agenda\\\/#primaryimage\"},\"image\":{\"@id\":\"https:\\\/\\\/tech-n-bio.com\\\/agenda\\\/#primaryimage\"},\"thumbnailUrl\":\"https:\\\/\\\/tech-n-bio.com\\\/wp-content\\\/uploads\\\/2024\\\/10\\\/techbio-salon-international-de-lagriculture-4-1.jpg\",\"datePublished\":\"2024-12-03T13:40:18+00:00\",\"dateModified\":\"2024-12-03T14:17:40+00:00\",\"description\":\"Agenda - Tech&Bio, le salon agricole international des techniques bio et alternatives - Prochaine \u00e9dition en 2025 en Dr\u00f4me\",\"inLanguage\":\"en-US\",\"potentialAction\":[{\"@type\":\"ReadAction\",\"target\":[\"https:\\\/\\\/tech-n-bio.com\\\/agenda\\\/\"]}]},{\"@type\":\"ImageObject\",\"inLanguage\":\"en-US\",\"@id\":\"https:\\\/\\\/tech-n-bio.com\\\/agenda\\\/#primaryimage\",\"url\":\"https:\\\/\\\/tech-n-bio.com\\\/wp-content\\\/uploads\\\/2024\\\/10\\\/techbio-salon-international-de-lagriculture-4-1.jpg\",\"contentUrl\":\"https:\\\/\\\/tech-n-bio.com\\\/wp-content\\\/uploads\\\/2024\\\/10\\\/techbio-salon-international-de-lagriculture-4-1.jpg\"},{\"@type\":\"WebSite\",\"@id\":\"https:\\\/\\\/tech-n-bio.com\\\/#website\",\"url\":\"https:\\\/\\\/tech-n-bio.com\\\/\",\"name\":\"Tech N Bio\",\"description\":\"\",\"publisher\":{\"@id\":\"https:\\\/\\\/tech-n-bio.com\\\/#organization\"},\"potentialAction\":[{\"@type\":\"SearchAction\",\"target\":{\"@type\":\"EntryPoint\",\"urlTemplate\":\"https:\\\/\\\/tech-n-bio.com\\\/?s={search_term_string}\"},\"query-input\":{\"@type\":\"PropertyValueSpecification\",\"valueRequired\":true,\"valueName\":\"search_term_string\"}}],\"inLanguage\":\"en-US\"},{\"@type\":\"Organization\",\"@id\":\"https:\\\/\\\/tech-n-bio.com\\\/#organization\",\"name\":\"Tech N Bio\",\"url\":\"https:\\\/\\\/tech-n-bio.com\\\/\",\"logo\":{\"@type\":\"ImageObject\",\"inLanguage\":\"en-US\",\"@id\":\"https:\\\/\\\/tech-n-bio.com\\\/#\\\/schema\\\/logo\\\/image\\\/\",\"url\":\"https:\\\/\\\/tech-n-bio.com\\\/wp-content\\\/uploads\\\/2024\\\/09\\\/logo-Tech-N-Bio.svg\",\"contentUrl\":\"https:\\\/\\\/tech-n-bio.com\\\/wp-content\\\/uploads\\\/2024\\\/09\\\/logo-Tech-N-Bio.svg\",\"width\":131,\"height\":49,\"caption\":\"Tech N Bio\"},\"image\":{\"@id\":\"https:\\\/\\\/tech-n-bio.com\\\/#\\\/schema\\\/logo\\\/image\\\/\"}}]}<\/script>\n<!-- \/ Yoast SEO plugin. -->","yoast_head_json":{"title":"Agenda - Tech N Bio","description":"Agenda - Tech&Bio, le salon agricole international des techniques bio et alternatives - Prochaine \u00e9dition en 2025 en Dr\u00f4me","robots":{"index":"index","follow":"follow","max-snippet":"max-snippet:-1","max-image-preview":"max-image-preview:large","max-video-preview":"max-video-preview:-1"},"canonical":"https:\/\/tech-n-bio.com\/en\/agenda\/","og_locale":"en_US","og_type":"article","og_title":"Agenda - Tech N Bio","og_description":"Agenda - Tech&Bio, le salon agricole international des techniques bio et alternatives - Prochaine \u00e9dition en 2025 en Dr\u00f4me","og_url":"https:\/\/tech-n-bio.com\/en\/agenda\/","og_site_name":"Tech N Bio","article_modified_time":"2024-12-03T14:17:40+00:00","og_image":[{"width":1500,"height":1000,"url":"https:\/\/tech-n-bio.com\/wp-content\/uploads\/2024\/10\/techbio-salon-international-de-lagriculture-4-1.jpg","type":"image\/jpeg"}],"twitter_card":"summary_large_image","twitter_misc":{"Est. reading time":"1 minute"},"schema":{"@context":"https:\/\/schema.org","@graph":[{"@type":"WebPage","@id":"https:\/\/tech-n-bio.com\/agenda\/","url":"https:\/\/tech-n-bio.com\/agenda\/","name":"Agenda - Tech N Bio","isPartOf":{"@id":"https:\/\/tech-n-bio.com\/#website"},"primaryImageOfPage":{"@id":"https:\/\/tech-n-bio.com\/agenda\/#primaryimage"},"image":{"@id":"https:\/\/tech-n-bio.com\/agenda\/#primaryimage"},"thumbnailUrl":"https:\/\/tech-n-bio.com\/wp-content\/uploads\/2024\/10\/techbio-salon-international-de-lagriculture-4-1.jpg","datePublished":"2024-12-03T13:40:18+00:00","dateModified":"2024-12-03T14:17:40+00:00","description":"Agenda - Tech&Bio, le salon agricole international des techniques bio et alternatives - Prochaine \u00e9dition en 2025 en Dr\u00f4me","inLanguage":"en-US","potentialAction":[{"@type":"ReadAction","target":["https:\/\/tech-n-bio.com\/agenda\/"]}]},{"@type":"ImageObject","inLanguage":"en-US","@id":"https:\/\/tech-n-bio.com\/agenda\/#primaryimage","url":"https:\/\/tech-n-bio.com\/wp-content\/uploads\/2024\/10\/techbio-salon-international-de-lagriculture-4-1.jpg","contentUrl":"https:\/\/tech-n-bio.com\/wp-content\/uploads\/2024\/10\/techbio-salon-international-de-lagriculture-4-1.jpg"},{"@type":"WebSite","@id":"https:\/\/tech-n-bio.com\/#website","url":"https:\/\/tech-n-bio.com\/","name":"Tech N Bio","description":"","publisher":{"@id":"https:\/\/tech-n-bio.com\/#organization"},"potentialAction":[{"@type":"SearchAction","target":{"@type":"EntryPoint","urlTemplate":"https:\/\/tech-n-bio.com\/?s={search_term_string}"},"query-input":{"@type":"PropertyValueSpecification","valueRequired":true,"valueName":"search_term_string"}}],"inLanguage":"en-US"},{"@type":"Organization","@id":"https:\/\/tech-n-bio.com\/#organization","name":"Tech N Bio","url":"https:\/\/tech-n-bio.com\/","logo":{"@type":"ImageObject","inLanguage":"en-US","@id":"https:\/\/tech-n-bio.com\/#\/schema\/logo\/image\/","url":"https:\/\/tech-n-bio.com\/wp-content\/uploads\/2024\/09\/logo-Tech-N-Bio.svg","contentUrl":"https:\/\/tech-n-bio.com\/wp-content\/uploads\/2024\/09\/logo-Tech-N-Bio.svg","width":131,"height":49,"caption":"Tech N Bio"},"image":{"@id":"https:\/\/tech-n-bio.com\/#\/schema\/logo\/image\/"}}]}},"_links":{"self":[{"href":"https:\/\/tech-n-bio.com\/en\/wp-json\/wp\/v2\/pages\/5702","targetHints":{"allow":["GET"]}}],"collection":[{"href":"https:\/\/tech-n-bio.com\/en\/wp-json\/wp\/v2\/pages"}],"about":[{"href":"https:\/\/tech-n-bio.com\/en\/wp-json\/wp\/v2\/types\/page"}],"author":[{"embeddable":true,"href":"https:\/\/tech-n-bio.com\/en\/wp-json\/wp\/v2\/users\/5"}],"replies":[{"embeddable":true,"href":"https:\/\/tech-n-bio.com\/en\/wp-json\/wp\/v2\/comments?post=5702"}],"version-history":[{"count":15,"href":"https:\/\/tech-n-bio.com\/en\/wp-json\/wp\/v2\/pages\/5702\/revisions"}],"predecessor-version":[{"id":5744,"href":"https:\/\/tech-n-bio.com\/en\/wp-json\/wp\/v2\/pages\/5702\/revisions\/5744"}],"wp:attachment":[{"href":"https:\/\/tech-n-bio.com\/en\/wp-json\/wp\/v2\/media?parent=5702"}],"curies":[{"name":"wp","href":"https:\/\/api.w.org\/{rel}","templated":true}]}}