{"id":5685,"date":"2024-12-03T12:07:05","date_gmt":"2024-12-03T11:07:05","guid":{"rendered":"https:\/\/tech-n-bio.marquedigitale.dev\/?page_id=5685"},"modified":"2024-12-03T12:08:56","modified_gmt":"2024-12-03T11:08:56","slug":"mentions-legales","status":"publish","type":"page","link":"https:\/\/tech-n-bio.com\/en\/mentions-legales\/","title":{"rendered":"Legal informations"},"content":{"rendered":"<div data-elementor-type=\"wp-page\" data-elementor-id=\"5685\" class=\"elementor elementor-5685\" data-elementor-post-type=\"page\">\n\t\t\t\t<div class=\"elementor-element elementor-element-15d9f1c marge e-flex e-con-boxed e-con e-parent\" data-id=\"15d9f1c\" data-element_type=\"container\" data-e-type=\"container\" data-settings=\"{&quot;background_background&quot;:&quot;classic&quot;}\">\n\t\t\t\t\t<div class=\"e-con-inner\">\n\t\t\t\t<div class=\"elementor-element elementor-element-2f5260b elementor-widget-tablet__width-initial elementor-widget elementor-widget-heading\" data-id=\"2f5260b\" data-element_type=\"widget\" data-e-type=\"widget\" data-widget_type=\"heading.default\">\n\t\t\t\t<div class=\"elementor-widget-container\">\n\t\t\t\t\t<h1 class=\"elementor-heading-title elementor-size-default\">Legal informations<\/h1>\t\t\t\t<\/div>\n\t\t\t\t<\/div>\n\t\t\t\t\t<\/div>\n\t\t\t\t<\/div>\n\t\t<div class=\"elementor-element elementor-element-664c6f9 marge e-flex e-con-boxed e-con e-parent\" data-id=\"664c6f9\" data-element_type=\"container\" data-e-type=\"container\">\n\t\t\t\t\t<div class=\"e-con-inner\">\n\t\t\t\t<div class=\"elementor-element elementor-element-0ed661d elementor-widget elementor-widget-heading\" data-id=\"0ed661d\" data-element_type=\"widget\" data-e-type=\"widget\" data-widget_type=\"heading.default\">\n\t\t\t\t<div class=\"elementor-widget-container\">\n\t\t\t\t\t<h2 class=\"elementor-heading-title elementor-size-default\">TECH&amp;BIO\n<\/h2>\t\t\t\t<\/div>\n\t\t\t\t<\/div>\n\t\t\t\t<div class=\"elementor-element elementor-element-2b8dd08 elementor-widget elementor-widget-text-editor\" data-id=\"2b8dd08\" data-element_type=\"widget\" data-e-type=\"widget\" data-widget_type=\"text-editor.default\">\n\t\t\t\t<div class=\"elementor-widget-container\">\n\t\t\t\t\t\t\t\t\t<p>You are currently on the official website of \u201cTech&amp;Bio\u201d organised by Dr\u00f4me Chamber of Agriculture. For any information associated with its operation or use, please write to its administrator here :<\/p><p>Dr\u00f4me Chamber of Agriculture<br \/>145 avenue Georges Brassens<br \/>26500 Bourg-l\u00e8s-Valence<\/p><p>Accessing and browsing the website implicates acceptance of these general terms and conditions of use and all applicable laws without reservation. The Dr\u00f4me Chamber of Agriculture advises that it will ensure compliance with its intellectual property rights by all legal means available, including by judicial means. The information on this website is not contractual. It can be changed without warning.<\/p>\t\t\t\t\t\t\t\t<\/div>\n\t\t\t\t<\/div>\n\t\t\t\t\t<\/div>\n\t\t\t\t<\/div>\n\t\t<div class=\"elementor-element elementor-element-bf82940 marge e-flex e-con-boxed e-con e-parent\" data-id=\"bf82940\" data-element_type=\"container\" data-e-type=\"container\">\n\t\t\t\t\t<div class=\"e-con-inner\">\n\t\t\t\t<div class=\"elementor-element elementor-element-1948686 elementor-widget elementor-widget-heading\" data-id=\"1948686\" data-element_type=\"widget\" data-e-type=\"widget\" data-widget_type=\"heading.default\">\n\t\t\t\t<div class=\"elementor-widget-container\">\n\t\t\t\t\t<h2 class=\"elementor-heading-title elementor-size-default\">WEBSITE CREATION &amp; HOSTING\n<\/h2>\t\t\t\t<\/div>\n\t\t\t\t<\/div>\n\t\t\t\t<div class=\"elementor-element elementor-element-006a114 elementor-widget elementor-widget-text-editor\" data-id=\"006a114\" data-element_type=\"widget\" data-e-type=\"widget\" data-widget_type=\"text-editor.default\">\n\t\t\t\t<div class=\"elementor-widget-container\">\n\t\t\t\t\t\t\t\t\t<p class=\"translation-block\">Site powered by <a href=\"\/\/marquedigitale.fr\/\" target=\"\u201c_blank\u201d\" rel=\"\u201cnoopener\u201d\">web agency Marque Digitale<\/a><br>Address: 1 rue jean bertin - 26000 VALENCE<\/p>\t\t\t\t\t\t\t\t<\/div>\n\t\t\t\t<\/div>\n\t\t\t\t\t<\/div>\n\t\t\t\t<\/div>\n\t\t<div class=\"elementor-element elementor-element-349e251 marge e-flex e-con-boxed e-con e-parent\" data-id=\"349e251\" data-element_type=\"container\" data-e-type=\"container\">\n\t\t\t\t\t<div class=\"e-con-inner\">\n\t\t\t\t<div class=\"elementor-element elementor-element-a05d665 elementor-widget elementor-widget-heading\" data-id=\"a05d665\" data-element_type=\"widget\" data-e-type=\"widget\" data-widget_type=\"heading.default\">\n\t\t\t\t<div class=\"elementor-widget-container\">\n\t\t\t\t\t<h2 class=\"elementor-heading-title elementor-size-default\">GENERAL TERMS AND CONDITIONS OF USE\n<\/h2>\t\t\t\t<\/div>\n\t\t\t\t<\/div>\n\t\t\t\t<div class=\"elementor-element elementor-element-ea454af elementor-widget elementor-widget-text-editor\" data-id=\"ea454af\" data-element_type=\"widget\" data-e-type=\"widget\" data-widget_type=\"text-editor.default\">\n\t\t\t\t<div class=\"elementor-widget-container\">\n\t\t\t\t\t\t\t\t\t<p>Any total or partial reproduction of this site or one or several of its components by whatever process without the express authorisation of the Dr\u00f4me Chamber of Agriculture is prohibited and represents fraud punishable by articles L.335-2 et seq of the Intellectual Property Code.\u00a0<\/p><p>The information, photographs, images, texts, animations and other documents accessible on this website are subject to industrial and\/or intellectual property law and depending on the case, are the property of the Dr\u00f4me Chamber of Agriculture or a third party that has restrictively authorised the Dr\u00f4me Chamber of Agriculture to use them. For this reason, any reproduction, representation, adaptation, translation and\/or transformation, partial or whole, distribution, re-addressing or transfer to another website is prohibited.\u00a0<\/p><p>A copy for private use of these different objects under law is authorised for personal and non-commercial use, subject to all the provisions concerning the laws governing reproduction and intellectual property.<\/p><p>Brands, logos and distinctive signs on this site are trademarks that belong to the Dr\u00f4me Chamber of Agriculture and other people. No wording in this website could be interpreted to mean a transfer, of any kind, of a licence or permission to use one or several brands without the written authorisation of its owner(s).\u00a0<\/p><p>External hypertext links used on this site and the content of third-party sites to which they direct the user cannot come under the responsibility of the Dr\u00f4me Chamber of Agriculture which has not verified everything. Only the user can be responsible for accessing pages outside this website and any other website.\u00a0<\/p><p>Users of the present website must respect the legality and, in particular, the provisions of the \u201cData Protection\u201d act. Any violations will be legally pursued.\u00a0<br \/>Users must abstain from collecting, capturing, deforming or using any information they have access to and, generally, from any act that may violate legislation covering privacy protection or the reputation of people whose images are reproduced on this website.\u00a0<\/p><p>The Dr\u00f4me Chamber of Agriculture reserves the right to modify and update the present Terms and Conditions at any time.<\/p>\t\t\t\t\t\t\t\t<\/div>\n\t\t\t\t<\/div>\n\t\t\t\t\t<\/div>\n\t\t\t\t<\/div>\n\t\t\t\t<\/div>","protected":false},"excerpt":{"rendered":"<p>TECH&amp;BIO Vous \u00eates actuellement sur le site web officiel de \u00ab Tech&amp;Bio \u00bb de la Chambre d\u2019Agriculture de La Dr\u00f4me. Pour toute information li\u00e9e \u00e0 son fonctionnement ou son utilisation, vous pouvez \u00e9crire \u00e0 son administrateur par courrier \u00e0 : Chambre d\u2019Agriculture de la Dr\u00f4me145 avenue Georges Brassens26500 Bourg-l\u00e8s-Valence Le fait d&rsquo;acc\u00e9der au site et [&hellip;]<\/p>\n","protected":false},"author":5,"featured_media":0,"parent":0,"menu_order":0,"comment_status":"closed","ping_status":"closed","template":"","meta":{"_acf_changed":false,"footnotes":""},"class_list":["post-5685","page","type-page","status-publish","hentry"],"acf":[],"yoast_head":"<!-- This site is optimized with the Yoast SEO plugin v27.4 - https:\/\/yoast.com\/product\/yoast-seo-wordpress\/ -->\n<title>Mentions l\u00e9gales - Tech N Bio<\/title>\n<meta name=\"description\" content=\"Mentions l\u00e9gales - Tech&amp;Bio, le salon agricole international des techniques bio et alternatives - Prochaine \u00e9dition en 2025 en Dr\u00f4me\" \/>\n<meta name=\"robots\" content=\"index, follow, max-snippet:-1, max-image-preview:large, max-video-preview:-1\" \/>\n<link rel=\"canonical\" href=\"https:\/\/tech-n-bio.com\/en\/mentions-legales\/\" \/>\n<meta property=\"og:locale\" content=\"en_US\" \/>\n<meta property=\"og:type\" content=\"article\" \/>\n<meta property=\"og:title\" content=\"Mentions l\u00e9gales - Tech N Bio\" \/>\n<meta property=\"og:description\" content=\"Mentions l\u00e9gales - Tech&amp;Bio, le salon agricole international des techniques bio et alternatives - Prochaine \u00e9dition en 2025 en Dr\u00f4me\" \/>\n<meta property=\"og:url\" content=\"https:\/\/tech-n-bio.com\/en\/mentions-legales\/\" \/>\n<meta property=\"og:site_name\" content=\"Tech N Bio\" \/>\n<meta property=\"article:modified_time\" content=\"2024-12-03T11:08:56+00:00\" \/>\n<meta name=\"twitter:card\" content=\"summary_large_image\" \/>\n<meta name=\"twitter:label1\" content=\"Est. reading time\" \/>\n\t<meta name=\"twitter:data1\" content=\"1 minute\" \/>\n<script type=\"application\/ld+json\" class=\"yoast-schema-graph\">{\"@context\":\"https:\\\/\\\/schema.org\",\"@graph\":[{\"@type\":\"WebPage\",\"@id\":\"https:\\\/\\\/tech-n-bio.com\\\/mentions-legales\\\/\",\"url\":\"https:\\\/\\\/tech-n-bio.com\\\/mentions-legales\\\/\",\"name\":\"Mentions l\u00e9gales - Tech N Bio\",\"isPartOf\":{\"@id\":\"https:\\\/\\\/tech-n-bio.com\\\/#website\"},\"datePublished\":\"2024-12-03T11:07:05+00:00\",\"dateModified\":\"2024-12-03T11:08:56+00:00\",\"description\":\"Mentions l\u00e9gales - Tech&Bio, le salon agricole international des techniques bio et alternatives - Prochaine \u00e9dition en 2025 en Dr\u00f4me\",\"inLanguage\":\"en-US\",\"potentialAction\":[{\"@type\":\"ReadAction\",\"target\":[\"https:\\\/\\\/tech-n-bio.com\\\/mentions-legales\\\/\"]}]},{\"@type\":\"WebSite\",\"@id\":\"https:\\\/\\\/tech-n-bio.com\\\/#website\",\"url\":\"https:\\\/\\\/tech-n-bio.com\\\/\",\"name\":\"Tech N Bio\",\"description\":\"\",\"publisher\":{\"@id\":\"https:\\\/\\\/tech-n-bio.com\\\/#organization\"},\"potentialAction\":[{\"@type\":\"SearchAction\",\"target\":{\"@type\":\"EntryPoint\",\"urlTemplate\":\"https:\\\/\\\/tech-n-bio.com\\\/?s={search_term_string}\"},\"query-input\":{\"@type\":\"PropertyValueSpecification\",\"valueRequired\":true,\"valueName\":\"search_term_string\"}}],\"inLanguage\":\"en-US\"},{\"@type\":\"Organization\",\"@id\":\"https:\\\/\\\/tech-n-bio.com\\\/#organization\",\"name\":\"Tech N Bio\",\"url\":\"https:\\\/\\\/tech-n-bio.com\\\/\",\"logo\":{\"@type\":\"ImageObject\",\"inLanguage\":\"en-US\",\"@id\":\"https:\\\/\\\/tech-n-bio.com\\\/#\\\/schema\\\/logo\\\/image\\\/\",\"url\":\"https:\\\/\\\/tech-n-bio.com\\\/wp-content\\\/uploads\\\/2024\\\/09\\\/logo-Tech-N-Bio.svg\",\"contentUrl\":\"https:\\\/\\\/tech-n-bio.com\\\/wp-content\\\/uploads\\\/2024\\\/09\\\/logo-Tech-N-Bio.svg\",\"width\":131,\"height\":49,\"caption\":\"Tech N Bio\"},\"image\":{\"@id\":\"https:\\\/\\\/tech-n-bio.com\\\/#\\\/schema\\\/logo\\\/image\\\/\"}}]}<\/script>\n<!-- \/ Yoast SEO plugin. -->","yoast_head_json":{"title":"Mentions l\u00e9gales - Tech N Bio","description":"Mentions l\u00e9gales - Tech&Bio, le salon agricole international des techniques bio et alternatives - Prochaine \u00e9dition en 2025 en Dr\u00f4me","robots":{"index":"index","follow":"follow","max-snippet":"max-snippet:-1","max-image-preview":"max-image-preview:large","max-video-preview":"max-video-preview:-1"},"canonical":"https:\/\/tech-n-bio.com\/en\/mentions-legales\/","og_locale":"en_US","og_type":"article","og_title":"Mentions l\u00e9gales - Tech N Bio","og_description":"Mentions l\u00e9gales - Tech&Bio, le salon agricole international des techniques bio et alternatives - Prochaine \u00e9dition en 2025 en Dr\u00f4me","og_url":"https:\/\/tech-n-bio.com\/en\/mentions-legales\/","og_site_name":"Tech N Bio","article_modified_time":"2024-12-03T11:08:56+00:00","twitter_card":"summary_large_image","twitter_misc":{"Est. reading time":"1 minute"},"schema":{"@context":"https:\/\/schema.org","@graph":[{"@type":"WebPage","@id":"https:\/\/tech-n-bio.com\/mentions-legales\/","url":"https:\/\/tech-n-bio.com\/mentions-legales\/","name":"Mentions l\u00e9gales - Tech N Bio","isPartOf":{"@id":"https:\/\/tech-n-bio.com\/#website"},"datePublished":"2024-12-03T11:07:05+00:00","dateModified":"2024-12-03T11:08:56+00:00","description":"Mentions l\u00e9gales - Tech&Bio, le salon agricole international des techniques bio et alternatives - Prochaine \u00e9dition en 2025 en Dr\u00f4me","inLanguage":"en-US","potentialAction":[{"@type":"ReadAction","target":["https:\/\/tech-n-bio.com\/mentions-legales\/"]}]},{"@type":"WebSite","@id":"https:\/\/tech-n-bio.com\/#website","url":"https:\/\/tech-n-bio.com\/","name":"Tech N Bio","description":"","publisher":{"@id":"https:\/\/tech-n-bio.com\/#organization"},"potentialAction":[{"@type":"SearchAction","target":{"@type":"EntryPoint","urlTemplate":"https:\/\/tech-n-bio.com\/?s={search_term_string}"},"query-input":{"@type":"PropertyValueSpecification","valueRequired":true,"valueName":"search_term_string"}}],"inLanguage":"en-US"},{"@type":"Organization","@id":"https:\/\/tech-n-bio.com\/#organization","name":"Tech N Bio","url":"https:\/\/tech-n-bio.com\/","logo":{"@type":"ImageObject","inLanguage":"en-US","@id":"https:\/\/tech-n-bio.com\/#\/schema\/logo\/image\/","url":"https:\/\/tech-n-bio.com\/wp-content\/uploads\/2024\/09\/logo-Tech-N-Bio.svg","contentUrl":"https:\/\/tech-n-bio.com\/wp-content\/uploads\/2024\/09\/logo-Tech-N-Bio.svg","width":131,"height":49,"caption":"Tech N Bio"},"image":{"@id":"https:\/\/tech-n-bio.com\/#\/schema\/logo\/image\/"}}]}},"_links":{"self":[{"href":"https:\/\/tech-n-bio.com\/en\/wp-json\/wp\/v2\/pages\/5685","targetHints":{"allow":["GET"]}}],"collection":[{"href":"https:\/\/tech-n-bio.com\/en\/wp-json\/wp\/v2\/pages"}],"about":[{"href":"https:\/\/tech-n-bio.com\/en\/wp-json\/wp\/v2\/types\/page"}],"author":[{"embeddable":true,"href":"https:\/\/tech-n-bio.com\/en\/wp-json\/wp\/v2\/users\/5"}],"replies":[{"embeddable":true,"href":"https:\/\/tech-n-bio.com\/en\/wp-json\/wp\/v2\/comments?post=5685"}],"version-history":[{"count":4,"href":"https:\/\/tech-n-bio.com\/en\/wp-json\/wp\/v2\/pages\/5685\/revisions"}],"predecessor-version":[{"id":5689,"href":"https:\/\/tech-n-bio.com\/en\/wp-json\/wp\/v2\/pages\/5685\/revisions\/5689"}],"wp:attachment":[{"href":"https:\/\/tech-n-bio.com\/en\/wp-json\/wp\/v2\/media?parent=5685"}],"curies":[{"name":"wp","href":"https:\/\/api.w.org\/{rel}","templated":true}]}}