{"id":3,"date":"2024-09-17T16:27:19","date_gmt":"2024-09-17T14:27:19","guid":{"rendered":"https:\/\/tech-n-bio.marquedigitale.dev\/?page_id=3"},"modified":"2024-12-03T12:06:47","modified_gmt":"2024-12-03T11:06:47","slug":"politique-de-confidentialite","status":"publish","type":"page","link":"https:\/\/tech-n-bio.com\/en\/politique-de-confidentialite\/","title":{"rendered":"Privacy policy"},"content":{"rendered":"<div data-elementor-type=\"wp-page\" data-elementor-id=\"3\" class=\"elementor elementor-3\" data-elementor-post-type=\"page\">\n\t\t\t\t<div class=\"elementor-element elementor-element-53e74bb marge e-flex e-con-boxed e-con e-parent\" data-id=\"53e74bb\" data-element_type=\"container\" data-e-type=\"container\" data-settings=\"{&quot;background_background&quot;:&quot;classic&quot;}\">\n\t\t\t\t\t<div class=\"e-con-inner\">\n\t\t\t\t<div class=\"elementor-element elementor-element-e35be79 elementor-widget-tablet__width-initial elementor-widget elementor-widget-heading\" data-id=\"e35be79\" data-element_type=\"widget\" data-e-type=\"widget\" data-widget_type=\"heading.default\">\n\t\t\t\t<div class=\"elementor-widget-container\">\n\t\t\t\t\t<h1 class=\"elementor-heading-title elementor-size-default\">Privacy policy<\/h1>\t\t\t\t<\/div>\n\t\t\t\t<\/div>\n\t\t\t\t\t<\/div>\n\t\t\t\t<\/div>\n\t\t<div class=\"elementor-element elementor-element-f952939 marge e-flex e-con-boxed e-con e-parent\" data-id=\"f952939\" data-element_type=\"container\" data-e-type=\"container\">\n\t\t\t\t\t<div class=\"e-con-inner\">\n\t\t\t\t<div class=\"elementor-element elementor-element-139d8b0 elementor-widget elementor-widget-heading\" data-id=\"139d8b0\" data-element_type=\"widget\" data-e-type=\"widget\" data-widget_type=\"heading.default\">\n\t\t\t\t<div class=\"elementor-widget-container\">\n\t\t\t\t\t<h2 class=\"elementor-heading-title elementor-size-default\">DATA COLLECTION\n<\/h2>\t\t\t\t<\/div>\n\t\t\t\t<\/div>\n\t\t\t\t<div class=\"elementor-element elementor-element-55bb03a elementor-widget elementor-widget-text-editor\" data-id=\"55bb03a\" data-element_type=\"widget\" data-e-type=\"widget\" data-widget_type=\"text-editor.default\">\n\t\t\t\t<div class=\"elementor-widget-container\">\n\t\t\t\t\t\t\t\t\t<p>Your data is collected by the company Tech&amp;Bio.<br \/>Personal data means all information concerning an identified or identifiable physical person; an identifiable person is a person who can be identified directly or indirectly and in particular by reference to a name, identification number or by one of several specific elements, specific to their physical, physiological, genetic, psychological, economic, cultural or social identity.<br \/>The personal information that may be collected on the Tech&amp;Bio site is mainly used by the editor for managing relations with you and where necessary for processing your orders.<\/p>\t\t\t\t\t\t\t\t<\/div>\n\t\t\t\t<\/div>\n\t\t\t\t\t<\/div>\n\t\t\t\t<\/div>\n\t\t<div class=\"elementor-element elementor-element-080aa62 marge e-flex e-con-boxed e-con e-parent\" data-id=\"080aa62\" data-element_type=\"container\" data-e-type=\"container\">\n\t\t\t\t\t<div class=\"e-con-inner\">\n\t\t\t\t<div class=\"elementor-element elementor-element-48924a9 elementor-widget elementor-widget-heading\" data-id=\"48924a9\" data-element_type=\"widget\" data-e-type=\"widget\" data-widget_type=\"heading.default\">\n\t\t\t\t<div class=\"elementor-widget-container\">\n\t\t\t\t\t<h2 class=\"elementor-heading-title elementor-size-default\">RIGHT TO ACCESS, MODIFY AND DELETE YOUR DATA\n<\/h2>\t\t\t\t<\/div>\n\t\t\t\t<\/div>\n\t\t\t\t<div class=\"elementor-element elementor-element-b80233f elementor-widget elementor-widget-text-editor\" data-id=\"b80233f\" data-element_type=\"widget\" data-e-type=\"widget\" data-widget_type=\"text-editor.default\">\n\t\t\t\t<div class=\"elementor-widget-container\">\n\t\t\t\t\t\t\t\t\t<p>Every person has a right to access, modify and oppose the use of their personal data. Every person also has the right to have their data deleted and the right to the portability of the personal data sent to the data processing manager.<br \/>You can exercise these rights by contacting us at the following address:<\/p>\n<p>Tech&amp;Bio<br \/>145 avenue Georges Brassens<br \/>26500 Bourg-l\u00e8s-Valence<\/p>\n<p>Any request must be accompanied by a photocopy of valid, signed ID documents and mention the address at which the editor can contact the person concerned. The response will be sent within a month of receipt of the request. This time-frame may be extended to two months if required by the complexity of the demand and\/or the number of demands.<br \/>Since Law N\u00b02016-1321 of 7th October 2016, people can arrange what happens to their data after their death.<\/p>\t\t\t\t\t\t\t\t<\/div>\n\t\t\t\t<\/div>\n\t\t\t\t\t<\/div>\n\t\t\t\t<\/div>\n\t\t<div class=\"elementor-element elementor-element-1ba36a6 marge e-flex e-con-boxed e-con e-parent\" data-id=\"1ba36a6\" data-element_type=\"container\" data-e-type=\"container\">\n\t\t\t\t\t<div class=\"e-con-inner\">\n\t\t\t\t<div class=\"elementor-element elementor-element-72caeff elementor-widget elementor-widget-heading\" data-id=\"72caeff\" data-element_type=\"widget\" data-e-type=\"widget\" data-widget_type=\"heading.default\">\n\t\t\t\t<div class=\"elementor-widget-container\">\n\t\t\t\t\t<h2 class=\"elementor-heading-title elementor-size-default\">DATA USE\n<\/h2>\t\t\t\t<\/div>\n\t\t\t\t<\/div>\n\t\t\t\t<div class=\"elementor-element elementor-element-4b122e4 elementor-widget elementor-widget-text-editor\" data-id=\"4b122e4\" data-element_type=\"widget\" data-e-type=\"widget\" data-widget_type=\"text-editor.default\">\n\t\t\t\t<div class=\"elementor-widget-container\">\n\t\t\t\t\t\t\t\t\t<p>The personal data collected on our website is used for order processing, managing sales relationships (deliveries, invoices, customer service) and to inform you about our sales news, either after having received your express permission or within the boundaries authorised by the law. We may also use your data to meet our legal and\/or regulatory obligations, when necessary.<br \/>In the case of any infractions where both parties are at issue, and for which the legal authorities need information from data collected, said data will be communicated to the authorities subject to their explicit and reasoned request, and will not benefit from the provisions concerning the protection of personal data.<br \/>When certain information is required to access the website\u2019s specific functionalities, the editor will indicate this requirement at the time of the data\u2019s entry.<\/p>\t\t\t\t\t\t\t\t<\/div>\n\t\t\t\t<\/div>\n\t\t\t\t\t<\/div>\n\t\t\t\t<\/div>\n\t\t<div class=\"elementor-element elementor-element-f222ee5 marge e-flex e-con-boxed e-con e-parent\" data-id=\"f222ee5\" data-element_type=\"container\" data-e-type=\"container\">\n\t\t\t\t\t<div class=\"e-con-inner\">\n\t\t\t\t<div class=\"elementor-element elementor-element-5cc83c7 elementor-widget elementor-widget-heading\" data-id=\"5cc83c7\" data-element_type=\"widget\" data-e-type=\"widget\" data-widget_type=\"heading.default\">\n\t\t\t\t<div class=\"elementor-widget-container\">\n\t\t\t\t\t<h2 class=\"elementor-heading-title elementor-size-default\">SALES OFFERS\n<\/h2>\t\t\t\t<\/div>\n\t\t\t\t<\/div>\n\t\t\t\t<div class=\"elementor-element elementor-element-2ec21f0 elementor-widget elementor-widget-text-editor\" data-id=\"2ec21f0\" data-element_type=\"widget\" data-e-type=\"widget\" data-widget_type=\"text-editor.default\">\n\t\t\t\t<div class=\"elementor-widget-container\">\n\t\t\t\t\t\t\t\t\t<p>You may receive sales offers from the editor.<br \/>If, when visiting the site, you access personal data, you must abstain from any collection, unauthorised use and any act that could constitute an invasion of privacy or damage to a person\u2019s reputation. In this case, the editor declines all responsibility.<br \/>The data is kept and used for a duration compliant with the current legislation.<\/p>\t\t\t\t\t\t\t\t<\/div>\n\t\t\t\t<\/div>\n\t\t\t\t\t<\/div>\n\t\t\t\t<\/div>\n\t\t\t\t<\/div>","protected":false},"excerpt":{"rendered":"<p>COLLECTE DES DONN\u00c9ES Vos donn\u00e9es sont collect\u00e9es par la soci\u00e9t\u00e9 Tech&amp;Bio.Une donn\u00e9e \u00e0 caract\u00e8re personnel d\u00e9signe toute information concernant une personne physique identifi\u00e9e ou identifiable ; est r\u00e9put\u00e9e identifiable une personne qui peut \u00eatre identifi\u00e9e, directement ou indirectement, notamment par r\u00e9f\u00e9rence \u00e0 un nom, un num\u00e9ro d\u2019identification ou \u00e0 un ou plusieurs \u00e9l\u00e9ments sp\u00e9cifiques, propres [&hellip;]<\/p>\n","protected":false},"author":5,"featured_media":0,"parent":0,"menu_order":0,"comment_status":"closed","ping_status":"open","template":"","meta":{"_acf_changed":false,"footnotes":""},"class_list":["post-3","page","type-page","status-publish","hentry"],"acf":[],"yoast_head":"<!-- This site is optimized with the Yoast SEO plugin v27.4 - https:\/\/yoast.com\/product\/yoast-seo-wordpress\/ -->\n<title>Politique de confidentialit\u00e9 - Tech N Bio<\/title>\n<meta name=\"description\" content=\"Politique de confidentialit\u00e9 - Tech&amp;Bio, le salon agricole international des techniques bio et alternatives - Prochaine \u00e9dition en 2025 en Dr\u00f4me\" \/>\n<meta name=\"robots\" content=\"index, follow, max-snippet:-1, max-image-preview:large, max-video-preview:-1\" \/>\n<link rel=\"canonical\" href=\"https:\/\/tech-n-bio.com\/en\/politique-de-confidentialite\/\" \/>\n<meta property=\"og:locale\" content=\"en_US\" \/>\n<meta property=\"og:type\" content=\"article\" \/>\n<meta property=\"og:title\" content=\"Politique de confidentialit\u00e9 - Tech N Bio\" \/>\n<meta property=\"og:description\" content=\"Politique de confidentialit\u00e9 - Tech&amp;Bio, le salon agricole international des techniques bio et alternatives - Prochaine \u00e9dition en 2025 en Dr\u00f4me\" \/>\n<meta property=\"og:url\" content=\"https:\/\/tech-n-bio.com\/en\/politique-de-confidentialite\/\" \/>\n<meta property=\"og:site_name\" content=\"Tech N Bio\" \/>\n<meta property=\"article:modified_time\" content=\"2024-12-03T11:06:47+00:00\" \/>\n<meta name=\"twitter:card\" content=\"summary_large_image\" \/>\n<meta name=\"twitter:label1\" content=\"Est. reading time\" \/>\n\t<meta name=\"twitter:data1\" content=\"3 minutes\" \/>\n<script type=\"application\/ld+json\" class=\"yoast-schema-graph\">{\"@context\":\"https:\\\/\\\/schema.org\",\"@graph\":[{\"@type\":\"WebPage\",\"@id\":\"https:\\\/\\\/tech-n-bio.com\\\/politique-de-confidentialite\\\/\",\"url\":\"https:\\\/\\\/tech-n-bio.com\\\/politique-de-confidentialite\\\/\",\"name\":\"Politique de confidentialit\u00e9 - Tech N Bio\",\"isPartOf\":{\"@id\":\"https:\\\/\\\/tech-n-bio.com\\\/#website\"},\"datePublished\":\"2024-09-17T14:27:19+00:00\",\"dateModified\":\"2024-12-03T11:06:47+00:00\",\"description\":\"Politique de confidentialit\u00e9 - Tech&Bio, le salon agricole international des techniques bio et alternatives - Prochaine \u00e9dition en 2025 en Dr\u00f4me\",\"inLanguage\":\"en-US\",\"potentialAction\":[{\"@type\":\"ReadAction\",\"target\":[\"https:\\\/\\\/tech-n-bio.com\\\/politique-de-confidentialite\\\/\"]}]},{\"@type\":\"WebSite\",\"@id\":\"https:\\\/\\\/tech-n-bio.com\\\/#website\",\"url\":\"https:\\\/\\\/tech-n-bio.com\\\/\",\"name\":\"Tech N Bio\",\"description\":\"\",\"publisher\":{\"@id\":\"https:\\\/\\\/tech-n-bio.com\\\/#organization\"},\"potentialAction\":[{\"@type\":\"SearchAction\",\"target\":{\"@type\":\"EntryPoint\",\"urlTemplate\":\"https:\\\/\\\/tech-n-bio.com\\\/?s={search_term_string}\"},\"query-input\":{\"@type\":\"PropertyValueSpecification\",\"valueRequired\":true,\"valueName\":\"search_term_string\"}}],\"inLanguage\":\"en-US\"},{\"@type\":\"Organization\",\"@id\":\"https:\\\/\\\/tech-n-bio.com\\\/#organization\",\"name\":\"Tech N Bio\",\"url\":\"https:\\\/\\\/tech-n-bio.com\\\/\",\"logo\":{\"@type\":\"ImageObject\",\"inLanguage\":\"en-US\",\"@id\":\"https:\\\/\\\/tech-n-bio.com\\\/#\\\/schema\\\/logo\\\/image\\\/\",\"url\":\"https:\\\/\\\/tech-n-bio.com\\\/wp-content\\\/uploads\\\/2024\\\/09\\\/logo-Tech-N-Bio.svg\",\"contentUrl\":\"https:\\\/\\\/tech-n-bio.com\\\/wp-content\\\/uploads\\\/2024\\\/09\\\/logo-Tech-N-Bio.svg\",\"width\":131,\"height\":49,\"caption\":\"Tech N Bio\"},\"image\":{\"@id\":\"https:\\\/\\\/tech-n-bio.com\\\/#\\\/schema\\\/logo\\\/image\\\/\"}}]}<\/script>\n<!-- \/ Yoast SEO plugin. -->","yoast_head_json":{"title":"Politique de confidentialit\u00e9 - Tech N Bio","description":"Politique de confidentialit\u00e9 - Tech&Bio, le salon agricole international des techniques bio et alternatives - Prochaine \u00e9dition en 2025 en Dr\u00f4me","robots":{"index":"index","follow":"follow","max-snippet":"max-snippet:-1","max-image-preview":"max-image-preview:large","max-video-preview":"max-video-preview:-1"},"canonical":"https:\/\/tech-n-bio.com\/en\/politique-de-confidentialite\/","og_locale":"en_US","og_type":"article","og_title":"Politique de confidentialit\u00e9 - Tech N Bio","og_description":"Politique de confidentialit\u00e9 - Tech&Bio, le salon agricole international des techniques bio et alternatives - Prochaine \u00e9dition en 2025 en Dr\u00f4me","og_url":"https:\/\/tech-n-bio.com\/en\/politique-de-confidentialite\/","og_site_name":"Tech N Bio","article_modified_time":"2024-12-03T11:06:47+00:00","twitter_card":"summary_large_image","twitter_misc":{"Est. reading time":"3 minutes"},"schema":{"@context":"https:\/\/schema.org","@graph":[{"@type":"WebPage","@id":"https:\/\/tech-n-bio.com\/politique-de-confidentialite\/","url":"https:\/\/tech-n-bio.com\/politique-de-confidentialite\/","name":"Politique de confidentialit\u00e9 - Tech N Bio","isPartOf":{"@id":"https:\/\/tech-n-bio.com\/#website"},"datePublished":"2024-09-17T14:27:19+00:00","dateModified":"2024-12-03T11:06:47+00:00","description":"Politique de confidentialit\u00e9 - Tech&Bio, le salon agricole international des techniques bio et alternatives - Prochaine \u00e9dition en 2025 en Dr\u00f4me","inLanguage":"en-US","potentialAction":[{"@type":"ReadAction","target":["https:\/\/tech-n-bio.com\/politique-de-confidentialite\/"]}]},{"@type":"WebSite","@id":"https:\/\/tech-n-bio.com\/#website","url":"https:\/\/tech-n-bio.com\/","name":"Tech N Bio","description":"","publisher":{"@id":"https:\/\/tech-n-bio.com\/#organization"},"potentialAction":[{"@type":"SearchAction","target":{"@type":"EntryPoint","urlTemplate":"https:\/\/tech-n-bio.com\/?s={search_term_string}"},"query-input":{"@type":"PropertyValueSpecification","valueRequired":true,"valueName":"search_term_string"}}],"inLanguage":"en-US"},{"@type":"Organization","@id":"https:\/\/tech-n-bio.com\/#organization","name":"Tech N Bio","url":"https:\/\/tech-n-bio.com\/","logo":{"@type":"ImageObject","inLanguage":"en-US","@id":"https:\/\/tech-n-bio.com\/#\/schema\/logo\/image\/","url":"https:\/\/tech-n-bio.com\/wp-content\/uploads\/2024\/09\/logo-Tech-N-Bio.svg","contentUrl":"https:\/\/tech-n-bio.com\/wp-content\/uploads\/2024\/09\/logo-Tech-N-Bio.svg","width":131,"height":49,"caption":"Tech N Bio"},"image":{"@id":"https:\/\/tech-n-bio.com\/#\/schema\/logo\/image\/"}}]}},"_links":{"self":[{"href":"https:\/\/tech-n-bio.com\/en\/wp-json\/wp\/v2\/pages\/3","targetHints":{"allow":["GET"]}}],"collection":[{"href":"https:\/\/tech-n-bio.com\/en\/wp-json\/wp\/v2\/pages"}],"about":[{"href":"https:\/\/tech-n-bio.com\/en\/wp-json\/wp\/v2\/types\/page"}],"author":[{"embeddable":true,"href":"https:\/\/tech-n-bio.com\/en\/wp-json\/wp\/v2\/users\/5"}],"replies":[{"embeddable":true,"href":"https:\/\/tech-n-bio.com\/en\/wp-json\/wp\/v2\/comments?post=3"}],"version-history":[{"count":9,"href":"https:\/\/tech-n-bio.com\/en\/wp-json\/wp\/v2\/pages\/3\/revisions"}],"predecessor-version":[{"id":5684,"href":"https:\/\/tech-n-bio.com\/en\/wp-json\/wp\/v2\/pages\/3\/revisions\/5684"}],"wp:attachment":[{"href":"https:\/\/tech-n-bio.com\/en\/wp-json\/wp\/v2\/media?parent=3"}],"curies":[{"name":"wp","href":"https:\/\/api.w.org\/{rel}","templated":true}]}}